{"id":3,"date":"2022-03-16T19:24:48","date_gmt":"2022-03-16T18:24:48","guid":{"rendered":"https:\/\/auto-rueth.de\/rueth\/?page_id=3"},"modified":"2022-12-11T21:38:21","modified_gmt":"2022-12-11T20:38:21","slug":"datenschutzerklaerung","status":"publish","type":"page","link":"https:\/\/auto-rueth.de\/rueth\/datenschutzerklaerung\/","title":{"rendered":"Datenschutzerkl\u00e4rung"},"content":{"rendered":"\n<h2 class=\"wp-block-heading\">Wer wir sind<\/h2>\n\n\n\n<h2 class=\"wp-block-heading\">Nachfolgend wollen wir Sie \u00fcber die Erhebung und Verarbeitung von Daten bei Abruf unserer Webseiten informieren.<\/h2>\n\n\n\n<p><strong><br>Verantwortlicher f\u00fcr den Datenschutz &#8211; betrieblicher Datenschutzbeauftragter<\/strong><\/p>\n\n\n\n<p>Verantwortlicher \/ Verarbeitende Stelle:<\/p>\n\n\n\n<p>Karl-Heinz R\u00fcth <br>Auto R\u00fcth GmbH<br>Rudolf-Diesel Str. 1<br>97267 Himmelstadt<br>Tel.: +49 (0) 9364 &#8211; 2911<br><\/p>\n\n\n\n<h2 class=\"wp-block-heading\">Kommentare<\/h2>\n\n\n\n<h3 class=\"wp-block-heading\"><strong>Erhebung und Speicherung personenbezogener Daten sowie Art und Zweck der Verwendung<\/strong><br><br>Beim Aufruf unserer Webseiten werden standardm\u00e4\u00dfig folgende Informationen in den Server-Log Files gespeichert.<\/h3>\n\n\n\n<ul class=\"wp-block-list\"><li>die Seite, von der aus die Datei angefordert wurde &#8211; Referrer UR<\/li><li>der Name der Datei<\/li><li>das Datum und die Uhrzeit der Anfrage<\/li><li>eine Beschreibung des Typs des verwendeten Webbrowsers \/ Browserversion und Betriebssystem<\/li><li>Hostname des zugreifenden Rechners<\/li><\/ul>\n\n\n\n<p>Die gespeicherten Daten werden ausschlie\u00dflich zu internen statistischen Zwecken ausgewertet und lassen f\u00fcr uns keine R\u00fcckschl\u00fcsse auf Ihre Person zu.<br>Die genannten Daten werden durch uns zu folgenden Zwecken verarbeitet:<\/p>\n\n\n\n<ul class=\"wp-block-list\"><li>Gew\u00e4hrleistung eines ordnungsgem\u00e4\u00dfen und reibungslosen Verbindungsaufbaus der Webseite<\/li><li>Gew\u00e4hrleistung einer komfortablen Nutzung der Webseite,<\/li><li>Auswertung der Systemsicherheit und -stabilit\u00e4t sowie<\/li><li>zu weiteren administrativen Zwecken.<\/li><\/ul>\n\n\n\n<p>Sie k\u00f6nnen die Webseite besuchen, ohne Angaben zu Ihrer Person zu machen. Auto R\u00fcth GmbH speichert Daten auf besonders gesch\u00fctzten Servern in Deutschland. Der Zugriff darauf ist nur befugten Personen der Auto R\u00fcth GmbH m\u00f6glich, die mit der technischen, kaufm\u00e4nnischen oder redaktionellen Betreuung dieser Server befasst sind und auf den Datenschutz verpflichtet sind.<br><br>Werden im Einzelfall, so bei einer Warenbestellung \u00fcber unsere Seiten, Ihr Name, Ihre Anschrift oder sonstige pers\u00f6nliche Daten ben\u00f6tigt, so werden Sie zuvor darauf hingewiesen.<\/p>\n\n\n\n<p>Wenn Sie sich entschlie\u00dfen, der Auto R\u00fcth GmbH pers\u00f6nliche Daten z.B. per e-Mail \u00fcber das Internet zu \u00fcberlassen, verwenden wir die von Ihnen zur Verf\u00fcgung gestellten personenbezogenen Daten ausschlie\u00dflich zum Zweck der Erf\u00fcllung Ihrer W\u00fcnsche, also in der Regel zur Abwicklung und zur Beantwortung Ihrer Anfragen oder Bestellungen. Eine Weitergabe, Verkauf oder sonstige \u00dcbermittlung Ihrer personenbezogenen Daten an Dritte erfolgt nicht.<\/p>\n\n\n\n<h2 class=\"wp-block-heading\">Medien<\/h2>\n\n\n\n<p>Die Rechtsgrundlage f\u00fcr die Datenverarbeitung ist Art. 6 Abs. 1 S. 1 lit. f DSGVO. Unser berechtigtes Interesse folgt aus oben aufgelisteten Zwecken zur Datenerhebung.<br>In keinem Fall verwenden wir die erhobenen Daten zu dem Zweck, R\u00fcckschl\u00fcsse auf Ihre Person zu ziehen.<\/p>\n\n\n\n<h2 class=\"wp-block-heading\">Cookies<\/h2>\n\n\n\n<p>Wir setzen auf unserer Webseite Cookies ein. Cookies sind kleine Dateien, die Ihr Browser automatisch erstellt und die auf Ihrem Endger\u00e4t (Laptop, Tablet, Smartphone o.\u00e4.) gespeichert werden, wenn Sie unsere Webseite besuchen. Cookies richten auf Ihrem Endger\u00e4t keinen Schaden an, enthalten keine Viren, Trojaner oder sonstige Schadsoftware.<\/p>\n\n\n\n<p>In dem Cookie werden Informationen abgelegt, die sich jeweils im Zusammenhang mit dem spezifisch eingesetzten Endger\u00e4t ergeben. Dies bedeutet jedoch nicht, dass wir dadurch unmittelbar Kenntnis von Ihrer Identit\u00e4t erhalten.<br><br>Der Einsatz von Cookies dient dazu, die Nutzung unseres Angebots f\u00fcr Sie angenehmer zu gestalten. Auf unseren Seiten werden, z.B. gegebenenfalls im Shopsystem, Cookies eingesetzt um den virtuellen Warenkorb zu f\u00fcllen und Ihnen das Einkaufen auf unseren Seiten zu erleichtern. Hierbei setzen wir sog. Session-Cookies ein. Diese werden nach Verlassen unserer Seite automatisch<br>gel\u00f6scht.<br><br>Dar\u00fcber hinaus setzen wir u.U. weiterhin zur Optimierung der Benutzerfreundlichkeit tempor\u00e4re Cookies ein, die f\u00fcr einen bestimmten festgelegten Zeitraum auf Ihrem Endger\u00e4t gespeichert werden. Besuchen Sie unsere Seite erneut, um unsere Dienste in Anspruch zu nehmen, wird automatisch erkannt, dass Sie bereits bei uns waren und welche Eingaben und Einstellungen sie get\u00e4tigt haben, um diese nicht noch einmal eingeben zu m\u00fcssen.<\/p>\n\n\n\n<p>Weiterhin setzen wir Cookies ein, um die Nutzung unserer Website statistisch zu erfassen und zum Zwecke der Optimierung unseres Angebotes f\u00fcr Sie auszuwerten. Diese Cookies erm\u00f6glichen es uns, bei einem erneuten Besuch unserer Seite automatisch zu erkennen, dass Sie bereits bei uns waren. Diese Cookies werden nach einer jeweils definierten Zeit automatisch gel\u00f6scht.<br><br>Die meisten Browser akzeptieren Cookies automatisch. Sie k\u00f6nnen Ihren Browser jedoch so konfigurieren, dass keine Cookies auf Ihrem Computer gespeichert werden oder stets ein Hinweis erscheint, bevor ein neuer Cookie angelegt wird. Die vollst\u00e4ndige Deaktivierung von Cookies kann jedoch dazu f\u00fchren, dass Sie nicht alle Funktionen unserer Website nutzen k\u00f6nnen.<br><br>Die durch Cookies verarbeiteten Daten sind f\u00fcr die genannten Zwecke zur Wahrung unserer berechtigten Interessen sowie der Dritter nach Art. 6 Abs. 1 S. 1 lit. f DSGVO erforderlich.<\/p>\n\n\n\n<h3 class=\"wp-block-heading\"><strong>Zustimmungsfreie Cookies auf der Website<\/strong><\/h3>\n\n\n\n<p><br>Unbedingt erforderliche Cookies, auch &#8220;strictly necessary&#8221; genannt, gew\u00e4hrleisten Funktionen, ohne die Sie diese Website nicht wie beabsichtigt nutzen k\u00f6nnen.<br><br>Unsere Cookies werden ausschlie\u00dflich f\u00fcr eine Online Terminvereinbarung verwendet und sind deshalb<br>sog. First Party Cookies. Sie werden lediglich w\u00e4hrend der aktuellen Browsersession auf Ihrem Endger\u00e4t gespeichert. Eine Ausnahme bildet das Cookie f\u00fcr die Sitzungskennung, welches f\u00fcr die Dauer von sieben Tagen auf Ihrem Ger\u00e4t verbleibt.<br><br>Unbedingt erforderliche Cookies erm\u00f6glichen es zum Beispiel den Benutzer in einem Workflow-Prozess<br>zu f\u00fchren, der durch ihn selbst ausgel\u00f6st wird (z. B. Passwort vergessen, Login usw.).<br><br>Nicht zuletzt wird durch ein solches Cookie auch Ihre Entscheidung hinsichtlich der Benutzung von<br>Cookies auf unserer Website gespeichert. F\u00fcr die Nutzung von unbedingt erforderlichen Cookies ist Ihre Einwilligung nicht erforderlich.<br><br>Sie k\u00f6nnen Cookies jederzeit generell in Ihrem Browser deaktivieren.<\/p>\n\n\n\n<h2 class=\"wp-block-heading\">Eingebettete Inhalte von anderen Diensten<\/h2>\n\n\n\n<h3 class=\"wp-block-heading\"><strong>Verwendung von Google Maps<\/strong><\/h3>\n\n\n\n<p>Diese Webseite benutzt Google Maps API, einen Kartendienst der Google LLC. (\u201eGoogle&#8221;), zur Darstellung einer interaktiven Karte und zur Erstellung von Anfahrtspl\u00e4nen. Google Maps wird von Google LLC, 1600 Amphitheatre Parkway, Mountain View, CA 94043, USA betrieben.<br><br>Durch die Nutzung von Google Maps k\u00f6nnen Informationen \u00fcber Ihre Benutzung dieser Webseite (einschlie\u00dflich Ihrer IP-Adresse) an einen Server von Google in den USA \u00fcbertragen und dort gespeichert werden. Google wird die durch Maps gewonnenen Informationen gegebenenfalls an Dritte \u00fcbertragen, sofern dies gesetzlich vorgeschrieben ist oder soweit Dritte diese Daten im Auftrag von Google verarbeiten.<br><br>Google wird in keinem Fall Ihre IP-Adresse mit anderen Daten von Google in Verbindung bringen.<br><br>Trotzdem w\u00e4re es technisch m\u00f6glich, dass Google aufgrund der erhaltenen Daten eine Identifizierung zumindest einzelner Nutzenden vornehmen k\u00f6nnte. Es w\u00e4re m\u00f6glich, dass personenbezogene Daten und Pers\u00f6nlichkeitsprofile von Nutzern der Webseite von Google f\u00fcr andere Zwecke verarbeitet werden k\u00f6nnten, auf welche wir keinen Einfluss haben und haben k\u00f6nnen. Sie haben die M\u00f6glichkeit, den Service von Google Maps zu deaktivieren und somit den Datentransfer an Google zu verhindern, indem Sie JavaScript in Ihrem Browser deaktivieren. Wir weisen Sie jedoch darauf hin, dass Sie in diesem Fall die Kartenanzeige auf unserer Seiten nicht nutzen k\u00f6nnen.<br><br>Die Google-Datenschutzerkl\u00e4rung &amp; zus\u00e4tzlichen Nutzungsbedingungen f\u00fcr Google Maps finden Sie unter <a rel=\"noreferrer noopener\" href=\"https:\/\/www.orth-automobile.de\/externer-link?tx_waurlhandler%5Burl%5D=aHR0cHM6Ly9wb2xpY2llcy5nb29nbGUuY29tL3ByaXZhY3k\/aGw9ZGUmZ2w9ZGUv&amp;tx_waurlhandler%5Bhmac%5D=780adada92d5359b7ced7751884829f9fdac76cb\" target=\"_blank\">https:\/\/policies.google.com\/privacy?hl=de&amp;gl=de\/<\/a><\/p>\n\n\n\n<h3 class=\"wp-block-heading\"><strong>Google Web Fonts<br><\/strong><\/h3>\n\n\n\n<p>Auf diesen Internetseiten werden zur Darstellung von Schriften Google Fonts verwendet. Google Fonts ist ein Dienst der Firma Google LLC, 1600 Amphitheatre Parkway, Mountain View, CA 94043, USA (Google). Die Einbindung dieser Web Fonts erfolgt durch einen externen Serveraufruf von Google USA. Hierdurch wird an den Server \u00fcbermittelt, welche der Internetseiten Sie besucht haben. Weiterhin wird nach unseren Informationen die IP-Adresse des Browsers des Endger\u00e4tes des Besuchers dieser Internetseiten von Google gespeichert. N\u00e4here Informationen finden Sie in den Datenschutzhinweisen von Google, die Sie unter <a rel=\"noreferrer noopener\" href=\"https:\/\/www.orth-automobile.de\/externer-link?tx_waurlhandler%5Burl%5D=aHR0cHM6Ly9wb2xpY2llcy5nb29nbGUuY29tL3ByaXZhY3k\/aGw9ZGUv&amp;tx_waurlhandler%5Bhmac%5D=cc993aed4ca7614222fb6c6fb077a71c6d712970\" target=\"_blank\">https:\/\/policies.google.com\/privacy?hl=de\/<\/a> abrufen k\u00f6nnen.<br><br><strong>Weitergabe von Daten<br><\/strong>Eine \u00dcbermittlung Ihrer pers\u00f6nlichen Daten an Dritte zu anderen als den im Folgenden aufgef\u00fchrten Zwecken findet nicht statt.<br><br><strong>Datensicherheit<br><\/strong>Wir verwenden auf unserer Webseite das SSL-Verfahren (Secure Socket Layer) in Verbindung mit der jeweils h\u00f6chsten Verschl\u00fcsselungsstufe, die von Ihrem Browser unterst\u00fctzt wird. In der Regel handelt es sich dabei um eine 256 Bit Verschl\u00fcsselung. Falls Ihr Browser keine 256-Bit Verschl\u00fcsselung unterst\u00fctzt, greifen wir stattdessen auf 128-Bit Technologie zur\u00fcck. Ob eine einzelne Seite unseres Internetauftrittes verschl\u00fcsselt \u00fcbertragen wird, erkennen Sie an der geschlossenen Darstellung des Sch\u00fcssel- beziehungsweise Schloss-Symbols in der unteren Statusleiste Ihres Browsers. Wir bedienen uns im \u00dcbrigen geeigneter technischer und organisatorischer Sicherheitsma\u00dfnahmen, um Ihre Daten gegen zuf\u00e4llige oder vors\u00e4tzliche Manipulationen, teilweisen oder vollst\u00e4ndigen Verlust, Zerst\u00f6rung oder gegen den unbefugten Zugriff Dritter zu sch\u00fctzen. Unsere Sicherheitsma\u00dfnahmen werden entsprechend der technologischen Entwicklung fortlaufend verbessert.<br><strong>Wof\u00fcr nutzen wir Ihre Daten?<br><\/strong>Wir nutzen Ihre Daten zur Bereitstellung unserer Produkte und Dienstleistungen sowie zur Optimierung und zum Schutz unserer Webseiten. Mit Ihrer Einwilligung nutzen wir Ihre selbst eingegebenen Daten, um auf Ihre Kontaktanfrage\/Nachricht zu reagieren<br><br>Wir geben Ihre pers\u00f6nlichen Daten nur an Dritte weiter, wenn:<\/p>\n\n\n\n<ul class=\"wp-block-list\"><li>Sie Ihre nach Art. 6 Abs. 1 S. 1 lit. a DSGVO ausdr\u00fcckliche Einwilligung dazu erteilt haben<\/li><li>die Weitergabe nach Art. 6 Abs. 1 S. 1 lit. f DSGVO zur Geltendmachung, Aus\u00fcbung oder Verteidigung von Rechtsanspr\u00fcchen erforderlich ist und kein Grund zur Annahme besteht, dass Sie ein \u00fcberwiegendes schutzw\u00fcrdiges Interesse an der Nichtweitergabe Ihrer Daten haben,<\/li><li>f\u00fcr den Fall, dass f\u00fcr die Weitergabe nach Art. 6 Abs. 1 S. 1 lit. c DSGVO eine gesetzliche Verpflichtung besteht, sowie<\/li><li>dies gesetzlich zul\u00e4ssig und nach Art. 6 Abs. 1 S. 1 lit. b DSGVO f\u00fcr die Abwicklung von Vertragsverh\u00e4ltnissen mit Ihnen erforderlich ist.<\/li><\/ul>\n\n\n\n<h3 class=\"wp-block-heading\"><strong>Disclaimer<\/strong><\/h3>\n\n\n\n<p><strong><br>Haftung f\u00fcr Inhalte<\/strong><br>Als Diensteanbieter sind wir gem\u00e4\u00df \u00a7 7 Abs.1 TMG f\u00fcr eigene Inhalte auf diesen Seiten nach den allgemeinen Gesetzen verantwortlich. Nach \u00a7\u00a7 8 bis 10 TMG sind wir als Diensteanbieter jedoch nicht verpflichtet, \u00fcbermittelte oder gespeicherte fremde Informationen zu \u00fcberwachen oder nach Umst\u00e4nden zu forschen, die auf eine rechtswidrige T\u00e4tigkeit hinweisen.<br>Verpflichtungen zur Entfernung oder Sperrung der Nutzung von Informationen nach den allgemeinen Gesetzen bleiben hiervon unber\u00fchrt. Eine diesbez\u00fcgliche Haftung ist jedoch erst ab dem Zeitpunkt der Kenntnis einer konkreten Rechtsverletzung m\u00f6glich. Bei bekannt werden von entsprechenden Rechtsverletzungen werden wir diese Inhalte umgehend entfernen.<br><br><strong>Haftung f\u00fcr Links<\/strong><br>Unser Angebot enth\u00e4lt Links zu externen Webseiten Dritter, auf deren Inhalte wir keinen Einfluss haben. Deshalb k\u00f6nnen wir f\u00fcr diese fremden Inhalte auch keine Gew\u00e4hr \u00fcbernehmen. F\u00fcr die Inhalte der verlinkten Seiten ist stets der jeweilige Anbieter oder Betreiber der Seiten verantwortlich. Die verlinkten Seiten wurden zum Zeitpunkt der Verlinkung auf m\u00f6gliche Rechtsverst\u00f6\u00dfe \u00fcberpr\u00fcft. Rechtswidrige Inhalte waren zum Zeitpunkt der Verlinkung nicht erkennbar.Eine permanente inhaltliche Kontrolle der verlinkten Seiten ist jedoch ohne konkrete Anhaltspunkte einer Rechtsverletzung nicht zumutbar. Bei Bekanntwerden von Rechtsverletzungen werden wir derartige Links umgehend entfernen.<br><br><strong>Urheberrecht<\/strong><br>Die durch die Seitenbetreiber erstellten Inhalte und Werke auf diesen Seiten unterliegen dem deutschen Urheberrecht. Die Vervielf\u00e4ltigung, Bearbeitung, Verbreitung und jede Art der Verwertung au\u00dferhalb der Grenzen des Urheberrechtes bed\u00fcrfen der schriftlichen Zustimmung des jeweiligen Autors bzw. Erstellers. Downloads und Kopien dieser Seite sind nur f\u00fcr den privaten, nicht kommerziellen Gebrauch gestattet.<br>Soweit die Inhalte auf dieser Seite nicht vom Betreiber erstellt wurden, werden die Urheberrechte Dritter beachtet. Insbesondere werden Inhalte Dritter als solche gekennzeichnet. Sollten Sie trotzdem auf eine Urheberrechtsverletzung aufmerksam werden, bitten wir um einen entsprechenden Hinweis. Bei Bekanntwerden von Rechtsverletzungen werden wir derartige Inhalte umgehend entfernen.<br><br><strong>Betroffenenrechte<br><\/strong><\/p>\n\n\n\n<p><strong>Sie haben das Recht:<\/strong><\/p>\n\n\n\n<ul class=\"wp-block-list\"><li>gem\u00e4\u00df Art. 15 DSGVO Auskunft \u00fcber Ihre von uns verarbeiteten personenbezogenen Daten zu verlangen. Insbesondere k\u00f6nnen Sie Auskunft \u00fcber die Verarbeitungszwecke, die Kategorie der Personenbezogenen Daten, die Kategorien von Empf\u00e4ngern, gegen\u00fcber denen Ihre Daten offengelegt wurden oder werden, die geplante Speicherdauer, das Bestehen eines Rechts auf Berichtigung, L\u00f6schung, Einschr\u00e4nkung der Verarbeitung oder Widerspruch, das Bestehen eines Beschwerderechts, die Herkunft ihrer Daten, sofern diese nicht bei uns erhoben wurden, sowie \u00fcber das Bestehen einer automatisierten Entscheidungsfindung einschlie\u00dflich Profiling und ggf. aussagekr\u00e4ftigen Informationen zu deren Einzelheiten verlangen;<br><\/li><li>gem\u00e4\u00df Art. 16 DSGVO unverz\u00fcglich die Berichtigung unrichtiger oder Vervollst\u00e4ndigung Ihrer bei uns gespeicherten personenbezogenen Daten zu verlangen;<br><\/li><li>gem\u00e4\u00df Art. 17 DSGVO die L\u00f6schung Ihrer bei uns gespeicherten personenbezogenen Daten zu verlangen, soweit nicht die Verarbeitung zur Aus\u00fcbung des Rechts auf freie Meinungs\u00e4u\u00dferung und Information, zur Erf\u00fcllung einer rechtlichen Verpflichtung, aus Gr\u00fcnden des \u00f6ffentlichen Interesses oder zur Geltendmachung, Aus\u00fcbung oder Verteidigung von Rechtsanspr\u00fcchen erforderlich ist;<br><\/li><li>gem\u00e4\u00df Art. 18 DSGVO die Einschr\u00e4nkung der Verarbeitung Ihrer personenbezogenen Daten zu verlangen, soweit die Richtigkeit der Daten von Ihnen bestritten wird, die Verarbeitung unrechtm\u00e4\u00dfig ist, Sie aber deren L\u00f6schung ablehnen und wir die Daten nicht mehr ben\u00f6tigen, Sie jedoch diese zur Geltendmachung, Aus\u00fcbung oder Verteidigung von Rechtsanspr\u00fcchen ben\u00f6tigen oder Sie gem\u00e4\u00df Art. 21 DSGVO widerspruch gegen die Verarbeitung eingelegt haben;<br><\/li><li>gem\u00e4\u00df Art. 20 DSGVO Ihre personenbezogenen Daten, die Sie uns bereitgestellt haben, in einem strukturierten, g\u00e4ngigen und maschinenlesebaren Format zu erhalten oder die \u00dcbermittlung an einen anderen Verantwortlichen zu verlangen;<br><\/li><li>gem\u00e4\u00df Art. 7 Abs. 3 DSGVO Ihre einmal erteilte Einwilligung jederzeit gegen\u00fcber uns zu widerrufen. Dies hat zur Folge, dass wir die Datenverarbeitung, die auf dieser Einwilligung beruhte, f\u00fcr die Zukunft nicht mehr fortf\u00fchren d\u00fcrfen und<br><\/li><li>gem\u00e4\u00df Art. 77 DSGVO sich bei einer Aufsichtsbeh\u00f6rde zu beschweren. In der Regel k\u00f6nnen Sie sich hierf\u00fcr an die Aufsichtsbeh\u00f6rde Ihres \u00fcblichen Aufenthaltsortes oder Arbeitsplatzes oder unseres Sitzes wenden.<br><\/li><\/ul>\n\n\n\n<h3 class=\"wp-block-heading\"><strong>Widerspruchsrecht<br><\/strong><\/h3>\n\n\n\n<p>Sofern Ihre personenbezogenen Daten auf Grundlage von berechtigten Interessen gem\u00e4\u00df Art. 6 Abs. 1 S. 1 lit. f DSGVO verarbeitet werden, haben Sie das Recht, gem\u00e4\u00df Art. 21 DSGVO Widerspruch gegen die Verarbeitung Ihrer personenbezogenen Daten einzulegen, soweit daf\u00fcr Gr\u00fcnde vorliegen, die sich aus Ihrer besonderen Situation ergeben oder sich der Widerspruch gegen Direktwerbung richtet. Im letzteren Fall haben Sie ein generelles Widerspruchsrecht, das ohne Angabe einer besonderen Situation von uns umgesetzt wird.<br><br>M\u00f6chten Sie von Ihrem Widerrufs- oder Widerspruchsrecht Gebrauch machen, gen\u00fcgt eine E-Mail an uns.<br><\/p>\n\n\n\n<h3 class=\"wp-block-heading\"><strong>Stand: 2022<br><\/strong><\/h3>\n\n\n\n<p><\/p>\n","protected":false},"excerpt":{"rendered":"<p>Wer wir sind Nachfolgend wollen wir Sie \u00fcber die Erhebung und Verarbeitung von Daten bei Abruf unserer Webseiten informieren. Verantwortlicher f\u00fcr den Datenschutz &#8211; betrieblicher Datenschutzbeauftragter Verantwortlicher \/ Verarbeitende Stelle: Karl-Heinz R\u00fcth Auto R\u00fcth GmbHRudolf-Diesel Str. 197267 HimmelstadtTel.: +49 (0) 9364 &#8211; 2911 Kommentare Erhebung und Speicherung personenbezogener Daten sowie Art und Zweck der Verwendung [&hellip;]<\/p>\n","protected":false},"author":1,"featured_media":0,"parent":0,"menu_order":0,"comment_status":"closed","ping_status":"open","template":"","meta":{"footnotes":""},"class_list":["post-3","page","type-page","status-publish","hentry"],"_links":{"self":[{"href":"https:\/\/auto-rueth.de\/rueth\/wp-json\/wp\/v2\/pages\/3","targetHints":{"allow":["GET"]}}],"collection":[{"href":"https:\/\/auto-rueth.de\/rueth\/wp-json\/wp\/v2\/pages"}],"about":[{"href":"https:\/\/auto-rueth.de\/rueth\/wp-json\/wp\/v2\/types\/page"}],"author":[{"embeddable":true,"href":"https:\/\/auto-rueth.de\/rueth\/wp-json\/wp\/v2\/users\/1"}],"replies":[{"embeddable":true,"href":"https:\/\/auto-rueth.de\/rueth\/wp-json\/wp\/v2\/comments?post=3"}],"version-history":[{"count":1,"href":"https:\/\/auto-rueth.de\/rueth\/wp-json\/wp\/v2\/pages\/3\/revisions"}],"predecessor-version":[{"id":948,"href":"https:\/\/auto-rueth.de\/rueth\/wp-json\/wp\/v2\/pages\/3\/revisions\/948"}],"wp:attachment":[{"href":"https:\/\/auto-rueth.de\/rueth\/wp-json\/wp\/v2\/media?parent=3"}],"curies":[{"name":"wp","href":"https:\/\/api.w.org\/{rel}","templated":true}]}}