{"id":949,"date":"2022-05-26T19:29:47","date_gmt":"2022-05-26T17:29:47","guid":{"rendered":"https:\/\/auto-rueth.de\/rueth\/?page_id=949"},"modified":"2022-05-26T19:35:12","modified_gmt":"2022-05-26T17:35:12","slug":"impressum","status":"publish","type":"page","link":"https:\/\/auto-rueth.de\/rueth\/impressum\/","title":{"rendered":"Impressum"},"content":{"rendered":"\t\t<div data-elementor-type=\"wp-page\" data-elementor-id=\"949\" class=\"elementor elementor-949\">\n\t\t\t\t\t\t\t\t\t<section class=\"elementor-section elementor-top-section elementor-element elementor-element-4246afe8 elementor-section-content-top elementor-section-full_width elementor-section-height-default elementor-section-height-default\" data-id=\"4246afe8\" data-element_type=\"section\">\n\t\t\t\t\t\t<div class=\"elementor-container elementor-column-gap-no\">\n\t\t\t\t\t<div class=\"elementor-column elementor-col-100 elementor-top-column elementor-element elementor-element-7b0c223a\" data-id=\"7b0c223a\" data-element_type=\"column\">\n\t\t\t<div class=\"elementor-widget-wrap elementor-element-populated\">\n\t\t\t\t\t\t\t\t<div class=\"elementor-element elementor-element-72f913f5 elementor-invisible elementor-widget elementor-widget-image\" data-id=\"72f913f5\" data-element_type=\"widget\" data-settings=\"{&quot;_animation&quot;:&quot;zoomIn&quot;}\" data-widget_type=\"image.default\">\n\t\t\t\t<div class=\"elementor-widget-container\">\n\t\t\t<style>\/*! elementor - v3.15.0 - 20-08-2023 *\/\n.elementor-widget-image{text-align:center}.elementor-widget-image a{display:inline-block}.elementor-widget-image a img[src$=\".svg\"]{width:48px}.elementor-widget-image img{vertical-align:middle;display:inline-block}<\/style>\t\t\t\t\t\t\t\t\t\t\t\t<img loading=\"lazy\" decoding=\"async\" width=\"1918\" height=\"843\" src=\"https:\/\/auto-rueth.de\/rueth\/wp-content\/uploads\/2022\/05\/meachaniker.jpg\" class=\"attachment-full size-full wp-image-953\" alt=\"Impressum\" srcset=\"https:\/\/auto-rueth.de\/rueth\/wp-content\/uploads\/2022\/05\/meachaniker.jpg 1918w, https:\/\/auto-rueth.de\/rueth\/wp-content\/uploads\/2022\/05\/meachaniker-300x132.jpg 300w, https:\/\/auto-rueth.de\/rueth\/wp-content\/uploads\/2022\/05\/meachaniker-1024x450.jpg 1024w, https:\/\/auto-rueth.de\/rueth\/wp-content\/uploads\/2022\/05\/meachaniker-768x338.jpg 768w, https:\/\/auto-rueth.de\/rueth\/wp-content\/uploads\/2022\/05\/meachaniker-1536x675.jpg 1536w, https:\/\/auto-rueth.de\/rueth\/wp-content\/uploads\/2022\/05\/meachaniker-1000x440.jpg 1000w\" sizes=\"auto, (max-width: 1918px) 100vw, 1918px\" \/>\t\t\t\t\t\t\t\t\t\t\t\t\t\t\t<\/div>\n\t\t\t\t<\/div>\n\t\t\t\t<div class=\"elementor-element elementor-element-626caa58 elementor-widget elementor-widget-heading\" data-id=\"626caa58\" data-element_type=\"widget\" data-widget_type=\"heading.default\">\n\t\t\t\t<div class=\"elementor-widget-container\">\n\t\t\t<style>\/*! elementor - v3.15.0 - 20-08-2023 *\/\n.elementor-heading-title{padding:0;margin:0;line-height:1}.elementor-widget-heading .elementor-heading-title[class*=elementor-size-]>a{color:inherit;font-size:inherit;line-height:inherit}.elementor-widget-heading .elementor-heading-title.elementor-size-small{font-size:15px}.elementor-widget-heading .elementor-heading-title.elementor-size-medium{font-size:19px}.elementor-widget-heading .elementor-heading-title.elementor-size-large{font-size:29px}.elementor-widget-heading .elementor-heading-title.elementor-size-xl{font-size:39px}.elementor-widget-heading .elementor-heading-title.elementor-size-xxl{font-size:59px}<\/style><h3 class=\"elementor-heading-title elementor-size-default\">Impressum<\/h3>\t\t<\/div>\n\t\t\t\t<\/div>\n\t\t\t\t<div class=\"elementor-element elementor-element-20769a0 elementor-widget elementor-widget-text-editor\" data-id=\"20769a0\" data-element_type=\"widget\" data-widget_type=\"text-editor.default\">\n\t\t\t\t<div class=\"elementor-widget-container\">\n\t\t\t<style>\/*! elementor - v3.15.0 - 20-08-2023 *\/\n.elementor-widget-text-editor.elementor-drop-cap-view-stacked .elementor-drop-cap{background-color:#69727d;color:#fff}.elementor-widget-text-editor.elementor-drop-cap-view-framed .elementor-drop-cap{color:#69727d;border:3px solid;background-color:transparent}.elementor-widget-text-editor:not(.elementor-drop-cap-view-default) .elementor-drop-cap{margin-top:8px}.elementor-widget-text-editor:not(.elementor-drop-cap-view-default) .elementor-drop-cap-letter{width:1em;height:1em}.elementor-widget-text-editor .elementor-drop-cap{float:left;text-align:center;line-height:1;font-size:50px}.elementor-widget-text-editor .elementor-drop-cap-letter{display:inline-block}<\/style>\t\t\t\t<h2>Angaben gem\u00e4\u00df \u00a7 5 TMG<\/h2>\n<p>Auto R\u00fcth Gmbh<br>Rudolf-Diesel Str. 1<br>97267 Himmelstadt<\/p>\n<p>Handelsregister: Registernummer: HRB 3032<br>Registergericht: Amtsgericht Gem\u00fcnden<\/p>\n<p><strong>Vertreten durch:<\/strong><br>Karl-Heinz R\u00fcth<\/p>\n<h2>Kontakt<\/h2>\n<p>Telefon: 09364-2911<br>E-Mail: info@auto-rueth.de<\/p>\n<h2>Umsatzsteuer-ID<\/h2>\n<p>Umsatzsteuer-Identifikationsnummer gem\u00e4\u00df \u00a7 27 a Umsatzsteuergesetz:<br>UmSt.NR gem\u00e4\u00df \u00a727 a Umsatzsteuergesetz: DE132975468<\/p>\n<h2>EU-Streitschlichtung<\/h2>\n<p>Die Europ\u00e4ische Kommission stellt eine Plattform zur Online-Streitbeilegung (OS) bereit: <a href=\"https:\/\/ec.europa.eu\/consumers\/odr\/\" target=\"_blank\" rel=\"noopener noreferrer\">https:\/\/ec.europa.eu\/consumers\/odr\/<\/a>.<br>Unsere E-Mail-Adresse finden Sie oben im Impressum.<\/p>\n<h2>Verbraucher\u00adstreit\u00adbeilegung\/Universal\u00adschlichtungs\u00adstelle<\/h2>\n<p>Wir nehmen an einem Streitbeilegungsverfahren vor einer Verbraucherschlichtungsstelle teil. Zust\u00e4ndig ist die Universalschlichtungsstelle des Zentrums f\u00fcr Schlichtung e.V., Stra\u00dfburger Stra\u00dfe 8, 77694 Kehl am Rhein (<a href=\"https:\/\/www.verbraucher-schlichter.de\" target=\"_blank\" rel=\"noopener noreferrer\">https:\/\/www.verbraucher-schlichter.de<\/a>).<\/p>\n<p>Quelle: <a href=\"https:\/\/www.e-recht24.de\">https:\/\/www.e-recht24.de<\/a><\/p>\t\t\t\t\t\t<\/div>\n\t\t\t\t<\/div>\n\t\t\t\t\t<\/div>\n\t\t<\/div>\n\t\t\t\t\t\t\t<\/div>\n\t\t<\/section>\n\t\t\t\t\t\t\t<\/div>\n\t\t","protected":false},"excerpt":{"rendered":"<p>Impressum Angaben gem\u00e4\u00df \u00a7 5 TMG Auto R\u00fcth GmbhRudolf-Diesel Str. 197267 Himmelstadt Handelsregister: Registernummer: HRB 3032Registergericht: Amtsgericht Gem\u00fcnden Vertreten durch:Karl-Heinz R\u00fcth Kontakt Telefon: 09364-2911E-Mail: info@auto-rueth.de Umsatzsteuer-ID Umsatzsteuer-Identifikationsnummer gem\u00e4\u00df \u00a7 27 a Umsatzsteuergesetz:UmSt.NR gem\u00e4\u00df \u00a727 a Umsatzsteuergesetz: DE132975468 EU-Streitschlichtung Die Europ\u00e4ische Kommission stellt eine Plattform zur Online-Streitbeilegung (OS) bereit: https:\/\/ec.europa.eu\/consumers\/odr\/.Unsere E-Mail-Adresse finden Sie oben im Impressum. [&hellip;]<\/p>\n","protected":false},"author":1,"featured_media":953,"parent":0,"menu_order":0,"comment_status":"closed","ping_status":"closed","template":"","meta":{"footnotes":""},"class_list":["post-949","page","type-page","status-publish","has-post-thumbnail","hentry"],"_links":{"self":[{"href":"https:\/\/auto-rueth.de\/rueth\/wp-json\/wp\/v2\/pages\/949","targetHints":{"allow":["GET"]}}],"collection":[{"href":"https:\/\/auto-rueth.de\/rueth\/wp-json\/wp\/v2\/pages"}],"about":[{"href":"https:\/\/auto-rueth.de\/rueth\/wp-json\/wp\/v2\/types\/page"}],"author":[{"embeddable":true,"href":"https:\/\/auto-rueth.de\/rueth\/wp-json\/wp\/v2\/users\/1"}],"replies":[{"embeddable":true,"href":"https:\/\/auto-rueth.de\/rueth\/wp-json\/wp\/v2\/comments?post=949"}],"version-history":[{"count":10,"href":"https:\/\/auto-rueth.de\/rueth\/wp-json\/wp\/v2\/pages\/949\/revisions"}],"predecessor-version":[{"id":962,"href":"https:\/\/auto-rueth.de\/rueth\/wp-json\/wp\/v2\/pages\/949\/revisions\/962"}],"wp:featuredmedia":[{"embeddable":true,"href":"https:\/\/auto-rueth.de\/rueth\/wp-json\/wp\/v2\/media\/953"}],"wp:attachment":[{"href":"https:\/\/auto-rueth.de\/rueth\/wp-json\/wp\/v2\/media?parent=949"}],"curies":[{"name":"wp","href":"https:\/\/api.w.org\/{rel}","templated":true}]}}